{"id":15,"date":"2024-03-22T08:48:24","date_gmt":"2024-03-22T06:48:24","guid":{"rendered":"https:\/\/curon.fi\/?page_id=15"},"modified":"2025-12-04T15:50:42","modified_gmt":"2025-12-04T13:50:42","slug":"tyonhakijoille","status":"publish","type":"page","link":"https:\/\/curon.fi\/en\/tyonhakijoille\/","title":{"rendered":"For Job Seekers"},"content":{"rendered":"<p>[et_pb_section fb_built=&#8221;1&#8243; _builder_version=&#8221;4.27.0&#8243; _module_preset=&#8221;default&#8221; use_background_color_gradient=&#8221;on&#8221; background_color_gradient_stops=&#8221;rgba(29,38,51,0.4) 0%|rgba(29,38,51,0.4) 100%&#8221; background_color_gradient_overlays_image=&#8221;on&#8221; background_image=&#8221;https:\/\/curon.fi\/wp-content\/uploads\/2024\/08\/6U5AEmQIajg-scaled-2.jpg&#8221; animation_direction=&#8221;bottom&#8221; global_colors_info=&#8221;{}&#8221;][et_pb_row custom_padding_last_edited=&#8221;on|phone&#8221; _builder_version=&#8221;4.20.2&#8243; _module_preset=&#8221;default&#8221; max_width=&#8221;1500px&#8221; custom_padding=&#8221;130px||130px||true|false&#8221; custom_padding_tablet=&#8221;80px||80px||true|false&#8221; custom_padding_phone=&#8221;70px||70px||true|false&#8221; global_colors_info=&#8221;{}&#8221;][et_pb_column type=&#8221;4_4&#8243; _builder_version=&#8221;4.20.2&#8243; _module_preset=&#8221;default&#8221; global_colors_info=&#8221;{}&#8221;][et_pb_text admin_label=&#8221;Discover Beatuty Title&#8221; _builder_version=&#8221;4.24.2&#8243; text_font=&#8221;||||&#8221; text_text_color=&#8221;#1a1a1a&#8221; header_font=&#8221;Lato|900|||||||&#8221; header_text_align=&#8221;left&#8221; header_text_color=&#8221;#FFFFFF&#8221; header_font_size=&#8221;73px&#8221; header_line_height=&#8221;1.3em&#8221; header_2_font=&#8221;Oswald|700||on|||||&#8221; header_2_text_align=&#8221;left&#8221; header_2_text_color=&#8221;#000000&#8243; header_2_font_size=&#8221;60px&#8221; header_2_line_height=&#8221;1.3em&#8221; custom_margin=&#8221;||20px||false|false&#8221; custom_margin_tablet=&#8221;||||false|false&#8221; custom_margin_phone=&#8221;||10px||false|false&#8221; custom_margin_last_edited=&#8221;on|desktop&#8221; animation_direction=&#8221;top&#8221; header_font_size_tablet=&#8221;60px&#8221; header_font_size_phone=&#8221;40px&#8221; header_font_size_last_edited=&#8221;on|phone&#8221; header_2_font_size_tablet=&#8221;50px&#8221; header_2_font_size_phone=&#8221;40px&#8221; header_2_font_size_last_edited=&#8221;on|phone&#8221; global_colors_info=&#8221;{}&#8221;]<\/p>\n<h1>Ty\u00f6nhakijoille<\/h1>\n<p>[\/et_pb_text][et_pb_divider color=&#8221;#E6B450&#8243; divider_position=&#8221;center&#8221; divider_weight=&#8221;5px&#8221; disabled_on=&#8221;off|off|off&#8221; _builder_version=&#8221;4.20.2&#8243; max_width=&#8221;150px&#8221; module_alignment=&#8221;left&#8221; height=&#8221;false&#8221; custom_margin=&#8221;10px||20px||false|false&#8221; custom_padding=&#8221;||||false|false&#8221; animation_direction=&#8221;top&#8221; global_colors_info=&#8221;{}&#8221;][\/et_pb_divider][\/et_pb_column][\/et_pb_row][\/et_pb_section][et_pb_section fb_built=&#8221;1&#8243; custom_padding_last_edited=&#8221;on|phone&#8221; module_id=&#8221;helpperi&#8221; _builder_version=&#8221;4.27.0&#8243; custom_padding=&#8221;80px||80px||true|false&#8221; custom_padding_tablet=&#8221;60px||60px||true|false&#8221; custom_padding_phone=&#8221;40px||40px||true|false&#8221; global_colors_info=&#8221;{}&#8221;][et_pb_row custom_padding_last_edited=&#8221;on|phone&#8221; module_class=&#8221;reverse-columns-mobile&#8221; _builder_version=&#8221;4.27.0&#8243; width_tablet=&#8221;&#8221; width_phone=&#8221;90%&#8221; width_last_edited=&#8221;on|phone&#8221; max_width=&#8221;1500px&#8221; custom_padding=&#8221;60px||||false|false&#8221; custom_padding_tablet=&#8221;||||false|false&#8221; custom_padding_phone=&#8221;0px||||false|false&#8221; custom_css_main_element=&#8221;display: flex;||align-items: center;||flex-wrap: wrap;&#8221; global_colors_info=&#8221;{}&#8221;][et_pb_column type=&#8221;4_4&#8243; _builder_version=&#8221;4.16&#8243; custom_padding=&#8221;|||&#8221; global_colors_info=&#8221;{}&#8221; custom_padding__hover=&#8221;|||&#8221;][et_pb_text admin_label=&#8221;Discover Beatuty Title&#8221; _builder_version=&#8221;4.27.0&#8243; text_font=&#8221;||||&#8221; text_text_color=&#8221;#1a1a1a&#8221; header_font=&#8221;Oswald|on||on|&#8221; header_text_align=&#8221;left&#8221; header_text_color=&#8221;#000000&#8243; header_font_size=&#8221;60px&#8221; header_line_height=&#8221;1.3em&#8221; header_2_font=&#8221;Lato|900|||||||&#8221; header_2_text_align=&#8221;left&#8221; header_2_text_color=&#8221;#000000&#8243; header_2_font_size=&#8221;40px&#8221; header_2_line_height=&#8221;1.2em&#8221; custom_margin=&#8221;||10px||false|false&#8221; custom_margin_tablet=&#8221;||||false|false&#8221; custom_margin_phone=&#8221;20px||10px||false|false&#8221; custom_margin_last_edited=&#8221;on|phone&#8221; custom_padding=&#8221;||||false|false&#8221; custom_padding_phone=&#8221;||||false|false&#8221; custom_padding_last_edited=&#8221;off|phone&#8221; animation_direction=&#8221;top&#8221; header_2_font_size_tablet=&#8221;50px&#8221; header_2_font_size_phone=&#8221;30px&#8221; header_2_font_size_last_edited=&#8221;on|phone&#8221; global_colors_info=&#8221;{}&#8221;]<\/p>\n<h2>Avoimet ty\u00f6paikat<\/h2>\n<p>[\/et_pb_text][et_pb_divider color=&#8221;#E6B450&#8243; divider_position=&#8221;center&#8221; divider_weight=&#8221;5px&#8221; disabled_on=&#8221;off|off|off&#8221; _builder_version=&#8221;4.20.2&#8243; max_width=&#8221;150px&#8221; module_alignment=&#8221;left&#8221; height=&#8221;false&#8221; custom_margin=&#8221;10px||20px||false|false&#8221; custom_padding=&#8221;||||false|false&#8221; animation_direction=&#8221;top&#8221; global_colors_info=&#8221;{}&#8221;][\/et_pb_divider][et_pb_text admin_label=&#8221;Discover Beatuty Sub Title&#8221; _builder_version=&#8221;4.27.0&#8243; text_font=&#8221;Roboto||||&#8221; text_text_color=&#8221;#1a1a1a&#8221; text_font_size=&#8221;20px&#8221; text_line_height=&#8221;1.4em&#8221; max_width=&#8221;800px&#8221; custom_padding=&#8221;||||false|false&#8221; custom_padding_tablet=&#8221;||||false|false&#8221; custom_padding_phone=&#8221;||||false|false&#8221; custom_padding_last_edited=&#8221;on|desktop&#8221; animation_direction=&#8221;top&#8221; text_font_size_tablet=&#8221;24px&#8221; text_font_size_phone=&#8221;17px&#8221; text_font_size_last_edited=&#8221;on|phone&#8221; global_colors_info=&#8221;{}&#8221;]<\/p>\n<p>L\u00f6yd\u00e4t t\u00e4st\u00e4 avoimena olevat rekrytointi-ilmoitukset. Jos meill\u00e4 ei ole sopivia paikkoja auki, voit j\u00e4tt\u00e4\u00e4 meille yhteystietosi meille alla olevan linkin kautta.<\/p>\n<p>[\/et_pb_text][et_pb_code _builder_version=&#8221;4.27.0&#8243; _module_preset=&#8221;default&#8221; global_colors_info=&#8221;{}&#8221;]<script src=\"https:\/\/scripts.teamtailor-cdn.com\/widgets\/eu-pink\/jobs.js\" async charset=\"utf-8\"><\/script><\/p>\n<div class=\"teamtailor-jobs-widget\" data-teamtailor-limit=\"20\" data-teamtailor-popup=\"true\" data-teamtailor-api-key=\"4wEaPCnKKbkQET9m6NZlXztLeK5xt3waN7xaudN-\"><\/div>\n<p>  [\/et_pb_code][et_pb_button button_url=&#8221;https:\/\/connect.curon.fi\/fi\/connect&#8221; url_new_window=&#8221;on&#8221; button_text=&#8221;J\u00e4t\u00e4 yhteystietosi&#8221; button_alignment=&#8221;left&#8221; admin_label=&#8221;Gallery Button&#8221; _builder_version=&#8221;4.27.0&#8243; custom_button=&#8221;on&#8221; button_text_size=&#8221;18px&#8221; button_text_color=&#8221;#FFFFFF&#8221; button_bg_color=&#8221;#E6B450&#8243; button_border_width=&#8221;0px&#8221; button_border_radius=&#8221;20px&#8221; button_letter_spacing=&#8221;4px&#8221; button_font=&#8221;Roboto|700|||||||&#8221; button_use_icon=&#8221;off&#8221; custom_margin=&#8221;30px||||false|false&#8221; custom_padding=&#8221;7px|25px|7px|25px|true|true&#8221; button_border_color_hover=&#8221;#1a1a1a&#8221; button_border_radius_hover=&#8221;0px&#8221; button_letter_spacing_hover=&#8221;4px&#8221; button_bg_color_hover=&#8221;rgba(0,0,0,0)&#8221; locked=&#8221;off&#8221; global_colors_info=&#8221;{}&#8221; button_text_size__hover_enabled=&#8221;off&#8221; button_one_text_size__hover_enabled=&#8221;off&#8221; button_two_text_size__hover_enabled=&#8221;off&#8221; button_text_color__hover_enabled=&#8221;on|hover&#8221; button_one_text_color__hover_enabled=&#8221;off&#8221; button_two_text_color__hover_enabled=&#8221;off&#8221; button_border_width__hover_enabled=&#8221;off&#8221; button_one_border_width__hover_enabled=&#8221;off&#8221; button_two_border_width__hover_enabled=&#8221;off&#8221; button_border_color__hover_enabled=&#8221;off|hover&#8221; button_border_color__hover=&#8221;#677951&#8243; button_one_border_color__hover_enabled=&#8221;off&#8221; button_two_border_color__hover_enabled=&#8221;off&#8221; button_border_radius__hover_enabled=&#8221;off|hover&#8221; button_border_radius__hover=&#8221;0px&#8221; button_one_border_radius__hover_enabled=&#8221;off&#8221; button_two_border_radius__hover_enabled=&#8221;off&#8221; button_letter_spacing__hover_enabled=&#8221;off|hover&#8221; button_letter_spacing__hover=&#8221;4px&#8221; button_one_letter_spacing__hover_enabled=&#8221;off&#8221; button_two_letter_spacing__hover_enabled=&#8221;off&#8221; button_bg_color__hover_enabled=&#8221;on|hover&#8221; button_bg_color__hover=&#8221;#141E3C&#8221; button_one_bg_color__hover_enabled=&#8221;off&#8221; button_two_bg_color__hover_enabled=&#8221;off&#8221; button_text_color__hover=&#8221;#FFFFFF&#8221; button_bg_enable_color__hover=&#8221;on&#8221;][\/et_pb_button][\/et_pb_column][\/et_pb_row][\/et_pb_section]<\/p>\n","protected":false},"excerpt":{"rendered":"<p>Ty\u00f6nhakijoilleAvoimet ty\u00f6paikatL\u00f6yd\u00e4t t\u00e4st\u00e4 avoimena olevat rekrytointi-ilmoitukset. Jos meill\u00e4 ei ole sopivia paikkoja auki, voit j\u00e4tt\u00e4\u00e4 meille yhteystietosi meille alla olevan linkin kautta.<\/p>","protected":false},"author":1,"featured_media":0,"parent":0,"menu_order":0,"comment_status":"closed","ping_status":"closed","template":"","meta":{"_et_pb_use_builder":"on","_et_pb_old_content":"<!-- wp:divi\/placeholder \/-->","_et_gb_content_width":"","footnotes":""},"difl_page_category":[],"class_list":["post-15","page","type-page","status-publish","hentry"],"yoast_head":"<!-- This site is optimized with the Yoast SEO plugin v27.4 - https:\/\/yoast.com\/product\/yoast-seo-wordpress\/ -->\n<title>Ty\u00f6nhakijoille | Curon<\/title>\n<meta name=\"robots\" content=\"index, follow, max-snippet:-1, max-image-preview:large, max-video-preview:-1\" \/>\n<link rel=\"canonical\" href=\"https:\/\/curon.fi\/en\/tyonhakijoille\/\" \/>\n<meta property=\"og:locale\" content=\"en_GB\" \/>\n<meta property=\"og:type\" content=\"article\" \/>\n<meta property=\"og:title\" content=\"Ty\u00f6nhakijoille | Curon\" \/>\n<meta property=\"og:description\" content=\"Ty\u00f6nhakijoilleAvoimet ty\u00f6paikatL\u00f6yd\u00e4t t\u00e4st\u00e4 avoimena olevat rekrytointi-ilmoitukset. Jos meill\u00e4 ei ole sopivia paikkoja auki, voit j\u00e4tt\u00e4\u00e4 meille yhteystietosi meille alla olevan linkin kautta.\" \/>\n<meta property=\"og:url\" content=\"https:\/\/curon.fi\/en\/tyonhakijoille\/\" \/>\n<meta property=\"og:site_name\" content=\"Curon\" \/>\n<meta property=\"article:modified_time\" content=\"2025-12-04T13:50:42+00:00\" \/>\n<meta property=\"og:image\" content=\"https:\/\/curon.fi\/wp-content\/uploads\/2024\/04\/Curon_masterlogo_500px.png\" \/>\n\t<meta property=\"og:image:width\" content=\"2500\" \/>\n\t<meta property=\"og:image:height\" content=\"834\" \/>\n\t<meta property=\"og:image:type\" content=\"image\/png\" \/>\n<meta name=\"twitter:card\" content=\"summary_large_image\" \/>\n<meta name=\"twitter:label1\" content=\"Estimated reading time\" \/>\n\t<meta name=\"twitter:data1\" content=\"5 minutes\" \/>\n<script type=\"application\/ld+json\" class=\"yoast-schema-graph\">{\"@context\":\"https:\\\/\\\/schema.org\",\"@graph\":[{\"@type\":\"WebPage\",\"@id\":\"https:\\\/\\\/curon.fi\\\/tyonhakijoille\\\/\",\"url\":\"https:\\\/\\\/curon.fi\\\/tyonhakijoille\\\/\",\"name\":\"Ty\u00f6nhakijoille | Curon\",\"isPartOf\":{\"@id\":\"https:\\\/\\\/curon.fi\\\/#website\"},\"datePublished\":\"2024-03-22T06:48:24+00:00\",\"dateModified\":\"2025-12-04T13:50:42+00:00\",\"breadcrumb\":{\"@id\":\"https:\\\/\\\/curon.fi\\\/tyonhakijoille\\\/#breadcrumb\"},\"inLanguage\":\"en-GB\",\"potentialAction\":[{\"@type\":\"ReadAction\",\"target\":[\"https:\\\/\\\/curon.fi\\\/tyonhakijoille\\\/\"]}]},{\"@type\":\"BreadcrumbList\",\"@id\":\"https:\\\/\\\/curon.fi\\\/tyonhakijoille\\\/#breadcrumb\",\"itemListElement\":[{\"@type\":\"ListItem\",\"position\":1,\"name\":\"Etusivu\",\"item\":\"https:\\\/\\\/curon.fi\\\/\"},{\"@type\":\"ListItem\",\"position\":2,\"name\":\"Ty\u00f6nhakijoille\"}]},{\"@type\":\"WebSite\",\"@id\":\"https:\\\/\\\/curon.fi\\\/#website\",\"url\":\"https:\\\/\\\/curon.fi\\\/\",\"name\":\"Curon\",\"description\":\"\",\"publisher\":{\"@id\":\"https:\\\/\\\/curon.fi\\\/#organization\"},\"potentialAction\":[{\"@type\":\"SearchAction\",\"target\":{\"@type\":\"EntryPoint\",\"urlTemplate\":\"https:\\\/\\\/curon.fi\\\/?s={search_term_string}\"},\"query-input\":{\"@type\":\"PropertyValueSpecification\",\"valueRequired\":true,\"valueName\":\"search_term_string\"}}],\"inLanguage\":\"en-GB\"},{\"@type\":\"Organization\",\"@id\":\"https:\\\/\\\/curon.fi\\\/#organization\",\"name\":\"Curon\",\"alternateName\":\"Curon\",\"url\":\"https:\\\/\\\/curon.fi\\\/\",\"logo\":{\"@type\":\"ImageObject\",\"inLanguage\":\"en-GB\",\"@id\":\"https:\\\/\\\/curon.fi\\\/#\\\/schema\\\/logo\\\/image\\\/\",\"url\":\"https:\\\/\\\/curon.fi\\\/wp-content\\\/uploads\\\/2024\\\/08\\\/curon-favicon.png\",\"contentUrl\":\"https:\\\/\\\/curon.fi\\\/wp-content\\\/uploads\\\/2024\\\/08\\\/curon-favicon.png\",\"width\":600,\"height\":600,\"caption\":\"Curon\"},\"image\":{\"@id\":\"https:\\\/\\\/curon.fi\\\/#\\\/schema\\\/logo\\\/image\\\/\"}}]}<\/script>\n<!-- \/ Yoast SEO plugin. -->","yoast_head_json":{"title":"Ty\u00f6nhakijoille | Curon","robots":{"index":"index","follow":"follow","max-snippet":"max-snippet:-1","max-image-preview":"max-image-preview:large","max-video-preview":"max-video-preview:-1"},"canonical":"https:\/\/curon.fi\/en\/tyonhakijoille\/","og_locale":"en_GB","og_type":"article","og_title":"Ty\u00f6nhakijoille | Curon","og_description":"Ty\u00f6nhakijoilleAvoimet ty\u00f6paikatL\u00f6yd\u00e4t t\u00e4st\u00e4 avoimena olevat rekrytointi-ilmoitukset. Jos meill\u00e4 ei ole sopivia paikkoja auki, voit j\u00e4tt\u00e4\u00e4 meille yhteystietosi meille alla olevan linkin kautta.","og_url":"https:\/\/curon.fi\/en\/tyonhakijoille\/","og_site_name":"Curon","article_modified_time":"2025-12-04T13:50:42+00:00","og_image":[{"width":2500,"height":834,"url":"https:\/\/curon.fi\/wp-content\/uploads\/2024\/04\/Curon_masterlogo_500px.png","type":"image\/png"}],"twitter_card":"summary_large_image","twitter_misc":{"Estimated reading time":"5 minutes"},"schema":{"@context":"https:\/\/schema.org","@graph":[{"@type":"WebPage","@id":"https:\/\/curon.fi\/tyonhakijoille\/","url":"https:\/\/curon.fi\/tyonhakijoille\/","name":"Ty\u00f6nhakijoille | Curon","isPartOf":{"@id":"https:\/\/curon.fi\/#website"},"datePublished":"2024-03-22T06:48:24+00:00","dateModified":"2025-12-04T13:50:42+00:00","breadcrumb":{"@id":"https:\/\/curon.fi\/tyonhakijoille\/#breadcrumb"},"inLanguage":"en-GB","potentialAction":[{"@type":"ReadAction","target":["https:\/\/curon.fi\/tyonhakijoille\/"]}]},{"@type":"BreadcrumbList","@id":"https:\/\/curon.fi\/tyonhakijoille\/#breadcrumb","itemListElement":[{"@type":"ListItem","position":1,"name":"Etusivu","item":"https:\/\/curon.fi\/"},{"@type":"ListItem","position":2,"name":"Ty\u00f6nhakijoille"}]},{"@type":"WebSite","@id":"https:\/\/curon.fi\/#website","url":"https:\/\/curon.fi\/","name":"Curon","description":"","publisher":{"@id":"https:\/\/curon.fi\/#organization"},"potentialAction":[{"@type":"SearchAction","target":{"@type":"EntryPoint","urlTemplate":"https:\/\/curon.fi\/?s={search_term_string}"},"query-input":{"@type":"PropertyValueSpecification","valueRequired":true,"valueName":"search_term_string"}}],"inLanguage":"en-GB"},{"@type":"Organization","@id":"https:\/\/curon.fi\/#organization","name":"Curon","alternateName":"Curon","url":"https:\/\/curon.fi\/","logo":{"@type":"ImageObject","inLanguage":"en-GB","@id":"https:\/\/curon.fi\/#\/schema\/logo\/image\/","url":"https:\/\/curon.fi\/wp-content\/uploads\/2024\/08\/curon-favicon.png","contentUrl":"https:\/\/curon.fi\/wp-content\/uploads\/2024\/08\/curon-favicon.png","width":600,"height":600,"caption":"Curon"},"image":{"@id":"https:\/\/curon.fi\/#\/schema\/logo\/image\/"}}]}},"_links":{"self":[{"href":"https:\/\/curon.fi\/en\/wp-json\/wp\/v2\/pages\/15","targetHints":{"allow":["GET"]}}],"collection":[{"href":"https:\/\/curon.fi\/en\/wp-json\/wp\/v2\/pages"}],"about":[{"href":"https:\/\/curon.fi\/en\/wp-json\/wp\/v2\/types\/page"}],"author":[{"embeddable":true,"href":"https:\/\/curon.fi\/en\/wp-json\/wp\/v2\/users\/1"}],"replies":[{"embeddable":true,"href":"https:\/\/curon.fi\/en\/wp-json\/wp\/v2\/comments?post=15"}],"version-history":[{"count":25,"href":"https:\/\/curon.fi\/en\/wp-json\/wp\/v2\/pages\/15\/revisions"}],"predecessor-version":[{"id":711,"href":"https:\/\/curon.fi\/en\/wp-json\/wp\/v2\/pages\/15\/revisions\/711"}],"wp:attachment":[{"href":"https:\/\/curon.fi\/en\/wp-json\/wp\/v2\/media?parent=15"}],"wp:term":[{"taxonomy":"difl_page_category","embeddable":true,"href":"https:\/\/curon.fi\/en\/wp-json\/wp\/v2\/difl_page_category?post=15"}],"curies":[{"name":"wp","href":"https:\/\/api.w.org\/{rel}","templated":true}]}}