{"id":25,"date":"2024-03-22T08:49:55","date_gmt":"2024-03-22T06:49:55","guid":{"rendered":"https:\/\/curon.fi\/?page_id=25"},"modified":"2024-05-27T12:13:52","modified_gmt":"2024-05-27T10:13:52","slug":"blogi","status":"publish","type":"page","link":"https:\/\/curon.fi\/en\/blogi\/","title":{"rendered":"Blog"},"content":{"rendered":"<p>[et_pb_section fb_built=&#8221;1&#8243; custom_padding_last_edited=&#8221;on|phone&#8221; _builder_version=&#8221;4.21.0&#8243; _module_preset=&#8221;default&#8221; background_enable_color=&#8221;off&#8221; custom_margin=&#8221;0px||0px||false|false&#8221; custom_padding=&#8221;20px||20px||true|false&#8221; custom_padding_tablet=&#8221;20px||20px||true|false&#8221; custom_padding_phone=&#8221;50px||50px||true|false&#8221; global_colors_info=&#8221;{}&#8221;][et_pb_row custom_padding_last_edited=&#8221;on|phone&#8221; module_class=&#8221;gq_r_fixed_buttons&#8221; _builder_version=&#8221;4.22.2&#8243; _module_preset=&#8221;default&#8221; max_width=&#8221;1500px&#8221; custom_padding=&#8221;60px||60px||true|false&#8221; custom_padding_tablet=&#8221;100px||100px||true|false&#8221; custom_padding_phone=&#8221;30px||30px||true|false&#8221; global_colors_info=&#8221;{}&#8221;][et_pb_column type=&#8221;4_4&#8243; _builder_version=&#8221;4.17.4&#8243; _module_preset=&#8221;default&#8221; global_colors_info=&#8221;{}&#8221;][et_pb_text admin_label=&#8221;Discover Beatuty Title&#8221; _builder_version=&#8221;4.25.1&#8243; _module_preset=&#8221;27c2d92a-4d69-4ac9-ac4f-2f4d90226710&#8243; text_font=&#8221;||||&#8221; text_text_color=&#8221;#1a1a1a&#8221; header_font=&#8221;Lato|900|||||||&#8221; header_text_align=&#8221;left&#8221; header_text_color=&#8221;#FFFFFF&#8221; header_font_size=&#8221;60px&#8221; header_line_height=&#8221;1.3em&#8221; header_2_font=&#8221;Lato|900|||||||&#8221; header_2_text_align=&#8221;left&#8221; header_2_text_color=&#8221;#000000&#8243; header_2_font_size=&#8221;50px&#8221; header_2_line_height=&#8221;1.3em&#8221; custom_margin=&#8221;||20px||false|false&#8221; custom_margin_tablet=&#8221;||||false|false&#8221; custom_margin_phone=&#8221;||10px||false|false&#8221; custom_margin_last_edited=&#8221;on|desktop&#8221; animation_direction=&#8221;top&#8221; hover_enabled=&#8221;0&#8243; header_font_size_tablet=&#8221;50px&#8221; header_font_size_phone=&#8221;40px&#8221; header_font_size_last_edited=&#8221;on|phone&#8221; header_2_font_size_tablet=&#8221;50px&#8221; header_2_font_size_phone=&#8221;40px&#8221; header_2_font_size_last_edited=&#8221;on|phone&#8221; global_colors_info=&#8221;{}&#8221; sticky_enabled=&#8221;0&#8243;]<\/p>\n<h2>Curonin blogi<\/h2>\n<p>[\/et_pb_text][et_pb_divider color=&#8221;#E6B450&#8243; divider_position=&#8221;center&#8221; divider_weight=&#8221;3px&#8221; disabled_on=&#8221;off|off|off&#8221; _builder_version=&#8221;4.24.2&#8243; _module_preset=&#8221;default&#8221; max_width=&#8221;150px&#8221; module_alignment=&#8221;left&#8221; height=&#8221;false&#8221; custom_margin=&#8221;20px||20px||true|false&#8221; custom_margin_tablet=&#8221;20px||20px||true|false&#8221; custom_margin_phone=&#8221;0px||20px||false|false&#8221; custom_margin_last_edited=&#8221;on|phone&#8221; custom_padding=&#8221;||||false|false&#8221; animation_direction=&#8221;top&#8221; global_colors_info=&#8221;{}&#8221;][\/et_pb_divider][et_pb_text _builder_version=&#8221;4.25.1&#8243; _module_preset=&#8221;default&#8221; text_font_size=&#8221;18px&#8221; text_font=&#8221;Roboto||||||||&#8221; text_text_color=&#8221;#000000&#8243; max_width=&#8221;600px&#8221; hover_enabled=&#8221;0&#8243; sticky_enabled=&#8221;0&#8243;]<\/p>\n<p>T\u00e4\u00e4lt\u00e4 voit lukea ajatuksiamme sote- ja vaka-alojen ty\u00f6voimapulasta, kansainv\u00e4lisest\u00e4 rekrytoinnista ja ik\u00e4ihmisten kotipalveluista.<\/p>\n<p>[\/et_pb_text][difl_postgrid posts_number=&#8221;20&#8243; post_display=&#8221;by_category&#8221; include_categories=&#8221;1&#8243; show_pagination=&#8221;on&#8221; older_text=&#8221;Vanhemmat artikkelit&#8221; newer_text=&#8221;Uudemmat artikkelit&#8221; gutter=&#8221;30&#8243; equal_height=&#8221;on&#8221; item_background_bgcolor=&#8221;#FFFFFF&#8221; column_tablet=&#8221;2&#8243; column_phone=&#8221;1&#8243; column_last_edited=&#8221;on|desktop&#8221; _builder_version=&#8221;4.25.1&#8243; _module_preset=&#8221;default&#8221; pagination_text_color=&#8221;#001D3D&#8221; background_enable_color=&#8221;off&#8221; custom_margin=&#8221;40px||40px||false|false&#8221; hover_enabled=&#8221;0&#8243; border_radii_item_outer=&#8221;on|10px|10px|10px|10px&#8221; box_shadow_style_item_outer=&#8221;preset1&#8243; box_shadow_vertical_item_outer=&#8221;1px&#8221; box_shadow_blur_item_outer=&#8221;8px&#8221; box_shadow_spread_item_outer=&#8221;1px&#8221; global_colors_info=&#8221;{}&#8221; theme_builder_area=&#8221;post_content&#8221; sticky_enabled=&#8221;0&#8243;][difl_postitem type=&#8221;image&#8221; _builder_version=&#8221;4.21.0&#8243; _module_preset=&#8221;default&#8221; global_colors_info=&#8221;{}&#8221; theme_builder_area=&#8221;post_content&#8221;][\/difl_postitem][difl_postitem type=&#8221;title&#8221; element_padding=&#8221;||10px|10px|false|false&#8221; _builder_version=&#8221;4.25.1&#8243; _module_preset=&#8221;default&#8221; post_font_style_font=&#8221;Lato|600|||||||&#8221; post_font_style_text_color=&#8221;#001D3D&#8221; post_font_style_font_size=&#8221;20px&#8221; post_font_style_letter_spacing=&#8221;0px&#8221; post_font_style_line_height=&#8221;1.3em&#8221; post_font_style_font_size_tablet=&#8221;20px&#8221; post_font_style_font_size_phone=&#8221;20px&#8221; post_font_style_font_size_last_edited=&#8221;on|desktop&#8221; global_colors_info=&#8221;{}&#8221; theme_builder_area=&#8221;post_content&#8221;][\/difl_postitem][difl_postitem type=&#8221;content&#8221; excerpt_length=&#8221;200&#8243; element_padding=&#8221;|||10px|false|false&#8221; _builder_version=&#8221;4.22.2&#8243; _module_preset=&#8221;default&#8221; post_font_style_text_color=&#8221;#001D3D&#8221; global_colors_info=&#8221;{}&#8221; theme_builder_area=&#8221;post_content&#8221;][\/difl_postitem][difl_postitem type=&#8221;button&#8221; read_more_text=&#8221;Lue lis\u00e4\u00e4&#8221; element_padding=&#8221;|||10px|false|false&#8221; _builder_version=&#8221;4.25.1&#8243; _module_preset=&#8221;default&#8221; post_font_style_font=&#8221;Lato|700|||||||&#8221; post_font_style_text_color=&#8221;#001D3D&#8221; post_font_style_font_size=&#8221;18px&#8221; global_colors_info=&#8221;{}&#8221; theme_builder_area=&#8221;post_content&#8221;][\/difl_postitem][\/difl_postgrid][\/et_pb_column][\/et_pb_row][\/et_pb_section]<\/p>","protected":false},"excerpt":{"rendered":"<p>Curonin blogiT\u00e4\u00e4lt\u00e4 voit lukea ajatuksiamme sote- ja vaka-alojen ty\u00f6voimapulasta, kansainv\u00e4lisest\u00e4 rekrytoinnista ja ik\u00e4ihmisten kotipalveluista.<div class=\"et_pb_module difl_postgrid difl_postgrid_0\">\n\t\t\t\t\n\t\t\t\t\n\t\t\t\t\n\t\t\t\t\n\t\t\t\t\n\t\t\t\t\n\t\t\t\t<div class=\"et_pb_module_inner\">\n\t\t\t\t\t<h2 style=\"background:#eee; padding: 10px 20px;\">Please <strong>Add New Post Element.<\/strong><\/h2>\n\t\t\t\t<\/div>\n\t\t\t<\/div><div class=\"et_pb_module difl_postitem difl_postitem_0\">\n\t\t\t\t\n\t\t\t\t\n\t\t\t\t\n\t\t\t\t\n\t\t\t\t\n\t\t\t\t\n\t\t\t\t<div class=\"et_pb_module_inner\">\n\t\t\t\t\t\n\t\t\t\t<\/div>\n\t\t\t<\/div><div class=\"et_pb_module difl_postitem difl_postitem_1\">\n\t\t\t\t\n\t\t\t\t\n\t\t\t\t\n\t\t\t\t\n\t\t\t\t\n\t\t\t\t\n\t\t\t\t<div class=\"et_pb_module_inner\">\n\t\t\t\t\t\n\t\t\t\t<\/div>\n\t\t\t<\/div><\/p>","protected":false},"author":1,"featured_media":0,"parent":0,"menu_order":0,"comment_status":"closed","ping_status":"closed","template":"","meta":{"_et_pb_use_builder":"on","_et_pb_old_content":"<!-- wp:divi\/placeholder \/-->","_et_gb_content_width":"","footnotes":""},"difl_page_category":[],"class_list":["post-25","page","type-page","status-publish","hentry"],"yoast_head":"<!-- This site is optimized with the Yoast SEO plugin v26.9 - https:\/\/yoast.com\/product\/yoast-seo-wordpress\/ -->\n<title>Blogi | Curon<\/title>\n<meta name=\"robots\" content=\"index, follow, max-snippet:-1, max-image-preview:large, max-video-preview:-1\" \/>\n<link rel=\"canonical\" href=\"https:\/\/curon.fi\/en\/blogi\/\" \/>\n<meta property=\"og:locale\" content=\"en_GB\" \/>\n<meta property=\"og:type\" content=\"article\" \/>\n<meta property=\"og:title\" content=\"Blogi | Curon\" \/>\n<meta property=\"og:description\" content=\"Curonin blogiT\u00e4\u00e4lt\u00e4 voit lukea ajatuksiamme sote- ja vaka-alojen ty\u00f6voimapulasta, kansainv\u00e4lisest\u00e4 rekrytoinnista ja ik\u00e4ihmisten kotipalveluista.\" \/>\n<meta property=\"og:url\" content=\"https:\/\/curon.fi\/en\/blogi\/\" \/>\n<meta property=\"og:site_name\" content=\"Curon\" \/>\n<meta property=\"article:modified_time\" content=\"2024-05-27T10:13:52+00:00\" \/>\n<meta property=\"og:image\" content=\"https:\/\/curon.fi\/wp-content\/uploads\/2024\/04\/Curon_masterlogo_500px.png\" \/>\n\t<meta property=\"og:image:width\" content=\"2500\" \/>\n\t<meta property=\"og:image:height\" content=\"834\" \/>\n\t<meta property=\"og:image:type\" content=\"image\/png\" \/>\n<meta name=\"twitter:card\" content=\"summary_large_image\" \/>\n<meta name=\"twitter:label1\" content=\"Estimated reading time\" \/>\n\t<meta name=\"twitter:data1\" content=\"3 minutes\" \/>\n<script type=\"application\/ld+json\" class=\"yoast-schema-graph\">{\"@context\":\"https:\/\/schema.org\",\"@graph\":[{\"@type\":\"WebPage\",\"@id\":\"https:\/\/curon.fi\/blogi\/\",\"url\":\"https:\/\/curon.fi\/blogi\/\",\"name\":\"Blogi | Curon\",\"isPartOf\":{\"@id\":\"https:\/\/curon.fi\/#website\"},\"datePublished\":\"2024-03-22T06:49:55+00:00\",\"dateModified\":\"2024-05-27T10:13:52+00:00\",\"breadcrumb\":{\"@id\":\"https:\/\/curon.fi\/blogi\/#breadcrumb\"},\"inLanguage\":\"en-GB\",\"potentialAction\":[{\"@type\":\"ReadAction\",\"target\":[\"https:\/\/curon.fi\/blogi\/\"]}]},{\"@type\":\"BreadcrumbList\",\"@id\":\"https:\/\/curon.fi\/blogi\/#breadcrumb\",\"itemListElement\":[{\"@type\":\"ListItem\",\"position\":1,\"name\":\"Etusivu\",\"item\":\"https:\/\/curon.fi\/\"},{\"@type\":\"ListItem\",\"position\":2,\"name\":\"Blogi\"}]},{\"@type\":\"WebSite\",\"@id\":\"https:\/\/curon.fi\/#website\",\"url\":\"https:\/\/curon.fi\/\",\"name\":\"Curon\",\"description\":\"\",\"publisher\":{\"@id\":\"https:\/\/curon.fi\/#organization\"},\"potentialAction\":[{\"@type\":\"SearchAction\",\"target\":{\"@type\":\"EntryPoint\",\"urlTemplate\":\"https:\/\/curon.fi\/?s={search_term_string}\"},\"query-input\":{\"@type\":\"PropertyValueSpecification\",\"valueRequired\":true,\"valueName\":\"search_term_string\"}}],\"inLanguage\":\"en-GB\"},{\"@type\":\"Organization\",\"@id\":\"https:\/\/curon.fi\/#organization\",\"name\":\"Curon\",\"alternateName\":\"Curon\",\"url\":\"https:\/\/curon.fi\/\",\"logo\":{\"@type\":\"ImageObject\",\"inLanguage\":\"en-GB\",\"@id\":\"https:\/\/curon.fi\/#\/schema\/logo\/image\/\",\"url\":\"https:\/\/curon.fi\/wp-content\/uploads\/2024\/08\/curon-favicon.png\",\"contentUrl\":\"https:\/\/curon.fi\/wp-content\/uploads\/2024\/08\/curon-favicon.png\",\"width\":600,\"height\":600,\"caption\":\"Curon\"},\"image\":{\"@id\":\"https:\/\/curon.fi\/#\/schema\/logo\/image\/\"}}]}<\/script>\n<!-- \/ Yoast SEO plugin. -->","yoast_head_json":{"title":"Blogi | Curon","robots":{"index":"index","follow":"follow","max-snippet":"max-snippet:-1","max-image-preview":"max-image-preview:large","max-video-preview":"max-video-preview:-1"},"canonical":"https:\/\/curon.fi\/en\/blogi\/","og_locale":"en_GB","og_type":"article","og_title":"Blogi | Curon","og_description":"Curonin blogiT\u00e4\u00e4lt\u00e4 voit lukea ajatuksiamme sote- ja vaka-alojen ty\u00f6voimapulasta, kansainv\u00e4lisest\u00e4 rekrytoinnista ja ik\u00e4ihmisten kotipalveluista.","og_url":"https:\/\/curon.fi\/en\/blogi\/","og_site_name":"Curon","article_modified_time":"2024-05-27T10:13:52+00:00","og_image":[{"width":2500,"height":834,"url":"https:\/\/curon.fi\/wp-content\/uploads\/2024\/04\/Curon_masterlogo_500px.png","type":"image\/png"}],"twitter_card":"summary_large_image","twitter_misc":{"Estimated reading time":"3 minutes"},"schema":{"@context":"https:\/\/schema.org","@graph":[{"@type":"WebPage","@id":"https:\/\/curon.fi\/blogi\/","url":"https:\/\/curon.fi\/blogi\/","name":"Blogi | Curon","isPartOf":{"@id":"https:\/\/curon.fi\/#website"},"datePublished":"2024-03-22T06:49:55+00:00","dateModified":"2024-05-27T10:13:52+00:00","breadcrumb":{"@id":"https:\/\/curon.fi\/blogi\/#breadcrumb"},"inLanguage":"en-GB","potentialAction":[{"@type":"ReadAction","target":["https:\/\/curon.fi\/blogi\/"]}]},{"@type":"BreadcrumbList","@id":"https:\/\/curon.fi\/blogi\/#breadcrumb","itemListElement":[{"@type":"ListItem","position":1,"name":"Etusivu","item":"https:\/\/curon.fi\/"},{"@type":"ListItem","position":2,"name":"Blogi"}]},{"@type":"WebSite","@id":"https:\/\/curon.fi\/#website","url":"https:\/\/curon.fi\/","name":"Curon","description":"","publisher":{"@id":"https:\/\/curon.fi\/#organization"},"potentialAction":[{"@type":"SearchAction","target":{"@type":"EntryPoint","urlTemplate":"https:\/\/curon.fi\/?s={search_term_string}"},"query-input":{"@type":"PropertyValueSpecification","valueRequired":true,"valueName":"search_term_string"}}],"inLanguage":"en-GB"},{"@type":"Organization","@id":"https:\/\/curon.fi\/#organization","name":"Curon","alternateName":"Curon","url":"https:\/\/curon.fi\/","logo":{"@type":"ImageObject","inLanguage":"en-GB","@id":"https:\/\/curon.fi\/#\/schema\/logo\/image\/","url":"https:\/\/curon.fi\/wp-content\/uploads\/2024\/08\/curon-favicon.png","contentUrl":"https:\/\/curon.fi\/wp-content\/uploads\/2024\/08\/curon-favicon.png","width":600,"height":600,"caption":"Curon"},"image":{"@id":"https:\/\/curon.fi\/#\/schema\/logo\/image\/"}}]}},"_links":{"self":[{"href":"https:\/\/curon.fi\/en\/wp-json\/wp\/v2\/pages\/25","targetHints":{"allow":["GET"]}}],"collection":[{"href":"https:\/\/curon.fi\/en\/wp-json\/wp\/v2\/pages"}],"about":[{"href":"https:\/\/curon.fi\/en\/wp-json\/wp\/v2\/types\/page"}],"author":[{"embeddable":true,"href":"https:\/\/curon.fi\/en\/wp-json\/wp\/v2\/users\/1"}],"replies":[{"embeddable":true,"href":"https:\/\/curon.fi\/en\/wp-json\/wp\/v2\/comments?post=25"}],"version-history":[{"count":5,"href":"https:\/\/curon.fi\/en\/wp-json\/wp\/v2\/pages\/25\/revisions"}],"predecessor-version":[{"id":365,"href":"https:\/\/curon.fi\/en\/wp-json\/wp\/v2\/pages\/25\/revisions\/365"}],"wp:attachment":[{"href":"https:\/\/curon.fi\/en\/wp-json\/wp\/v2\/media?parent=25"}],"wp:term":[{"taxonomy":"difl_page_category","embeddable":true,"href":"https:\/\/curon.fi\/en\/wp-json\/wp\/v2\/difl_page_category?post=25"}],"curies":[{"name":"wp","href":"https:\/\/api.w.org\/{rel}","templated":true}]}}